{"id":4700,"date":"2018-02-19T19:51:40","date_gmt":"2018-02-19T19:51:40","guid":{"rendered":"http:\/\/www.vosca.eu\/vosca\/"},"modified":"2024-09-09T19:10:03","modified_gmt":"2024-09-09T17:10:03","slug":"vosca","status":"publish","type":"page","link":"https:\/\/www.vosca.eu\/es\/vosca\/","title":{"rendered":"Informaci\u00f3n"},"content":{"rendered":"\n  <div class=\"banner has-hover has-parallax\" id=\"banner-1328483913\">\n          <div class=\"banner-inner fill\">\n        <div class=\"banner-bg fill\" data-parallax=\"-3\" data-parallax-container=\".banner\" data-parallax-background>\n            <img decoding=\"async\" width=\"1020\" height=\"372\" src=\"https:\/\/www.vosca.eu\/wp-content\/uploads\/2018\/02\/hero-vosca-1.jpg\" class=\"bg attachment-large size-large\" alt=\"\" \/>                                    \n                    <\/div>\n\t\t\n        <div class=\"banner-layers container\">\n            <div class=\"fill banner-link\"><\/div>            \n   <div id=\"text-box-1192932283\" class=\"text-box banner-layer x50 md-x50 lg-x50 y80 md-y80 lg-y80 res-text\">\n                                <div class=\"text-box-content text dark\">\n              \n              <div class=\"text-inner text-center\">\n                  \n<h1 class=\"lead\">Vosca<\/h1>\n              <\/div>\n           <\/div>\n                            \n<style>\n#text-box-1192932283 {\n  width: 60%;\n}\n#text-box-1192932283 .text-box-content {\n  font-size: 100%;\n}\n<\/style>\n    <\/div>\n \n        <\/div>\n      <\/div>\n\n            \n<style>\n#banner-1328483913 {\n  padding-top: 300px;\n}\n<\/style>\n  <\/div>\n\n\n<div class=\"row\"  id=\"row-2046676070\">\n\n\t<div id=\"col-592455813\" class=\"col small-12 large-12\"  >\n\t\t\t\t<div class=\"col-inner\"  >\n\t\t\t\n\t\t\t\n<p>Hace a\u00f1os una vez Vosca comenz\u00f3 a fabricar una visera parasol cl\u00e1sica para un autom\u00f3vil cl\u00e1sico. Despu\u00e9s de las muchas preguntas y reacciones positivas de m\u00faltiples marcas hemos continuado desarrollando la visera parasol cl\u00e1sica para otras marcas de autom\u00f3viles.<\/p>\n<p>As\u00ed llego la pregunta a Vosca de si podr\u00edamos desarrollar una visera parasol para veh\u00edculos todoterreno 4X4 y furgonetas. Esta fue una buena idea, pero sentimos que este deber\u00eda ser un modelo genial y resistente y entonces se nos ocurri\u00f3 un modelo completamente nuevo para estos autom\u00f3viles. Hoy en d\u00eda\u00a0 hemos podido montar\u00a0 una bonita visera parasol en muchos modelos de autom\u00f3viles.<\/p>\n\t\t<\/div>\n\t\t\t\t\t<\/div>\n\n\t\n\n<style>\n#row-2046676070 > .col > .col-inner {\n  padding: 30px 0px 30px 0px;\n}\n<\/style>\n<\/div>\n<div class=\"row\"  id=\"row-1493773229\">\n\n\t<div id=\"col-1963037586\" class=\"col small-12 large-12\"  >\n\t\t\t\t<div class=\"col-inner\"  >\n\t\t\t\n\t\t\t\n\t<div id=\"accordion-1977948270\" class=\"accordion-item\">\n\t\t<a id=\"accordion-1977948270-label\" class=\"accordion-title plain\" href=\"#accordion-item-costes-de-env\u00edo-\/-costes-de-empaque\" aria-expanded=\"false\" aria-controls=\"accordion-1977948270-content\">\n\t\t\t<button class=\"toggle\" aria-label=\"Toggle\"><i class=\"icon-angle-down\" aria-hidden=\"true\"><\/i><\/button>\n\t\t\t<span>Costes de env\u00edo \/ costes de empaque<\/span>\n\t\t<\/a>\n\t\t<div id=\"accordion-1977948270-content\" class=\"accordion-inner\" aria-labelledby=\"accordion-1977948270-label\">\n\t\t\t\n<p>Estos no est\u00e1n incluidos en el precio en relaci\u00f3n con varios pa\u00edses y se calculan\u00a0 autom\u00e1ticamente con posterioridad.<\/p>\n\t\t<\/div>\n\t<\/div>\n\t\n\t<div id=\"accordion-2507935564\" class=\"accordion-item\">\n\t\t<a id=\"accordion-2507935564-label\" class=\"accordion-title plain\" href=\"#accordion-item-precios\" aria-expanded=\"false\" aria-controls=\"accordion-2507935564-content\">\n\t\t\t<button class=\"toggle\" aria-label=\"Toggle\"><i class=\"icon-angle-down\" aria-hidden=\"true\"><\/i><\/button>\n\t\t\t<span>Precios<\/span>\n\t\t<\/a>\n\t\t<div id=\"accordion-2507935564-content\" class=\"accordion-inner\" aria-labelledby=\"accordion-2507935564-label\">\n\t\t\t\n<p>Nuestros precios no incluyen IVA en nuestra tienda online.<\/p>\n\t\t<\/div>\n\t<\/div>\n\t\n\t<div id=\"accordion-3957688964\" class=\"accordion-item\">\n\t\t<a id=\"accordion-3957688964-label\" class=\"accordion-title plain\" href=\"#accordion-item-colores\" aria-expanded=\"false\" aria-controls=\"accordion-3957688964-content\">\n\t\t\t<button class=\"toggle\" aria-label=\"Toggle\"><i class=\"icon-angle-down\" aria-hidden=\"true\"><\/i><\/button>\n\t\t\t<span>Colores<\/span>\n\t\t<\/a>\n\t\t<div id=\"accordion-3957688964-content\" class=\"accordion-inner\" aria-labelledby=\"accordion-3957688964-label\">\n\t\t\t\n<p>Tenemos cinco colores diferentes.<br \/>\n<img decoding=\"async\" class=\"alignnone wp-image-18476\" src=\"https:\/\/www.vosca.eu\/wp-content\/uploads\/2023\/06\/IMG-20230524-WA0000-540x400.jpg\" alt=\"\" width=\"151\" height=\"112\" srcset=\"https:\/\/www.vosca.eu\/wp-content\/uploads\/2023\/06\/IMG-20230524-WA0000-540x400.jpg 540w, https:\/\/www.vosca.eu\/wp-content\/uploads\/2023\/06\/IMG-20230524-WA0000-1079x800.jpg 1079w, https:\/\/www.vosca.eu\/wp-content\/uploads\/2023\/06\/IMG-20230524-WA0000-768x569.jpg 768w, https:\/\/www.vosca.eu\/wp-content\/uploads\/2023\/06\/IMG-20230524-WA0000-1536x1139.jpg 1536w, https:\/\/www.vosca.eu\/wp-content\/uploads\/2023\/06\/IMG-20230524-WA0000-510x378.jpg 510w, https:\/\/www.vosca.eu\/wp-content\/uploads\/2023\/06\/IMG-20230524-WA0000.jpg 2048w\" sizes=\"(max-width: 151px) 100vw, 151px\" \/> <img decoding=\"async\" class=\"alignnone wp-image-18480\" src=\"https:\/\/www.vosca.eu\/wp-content\/uploads\/2023\/06\/IMG-20230524-WA0005-502x400.jpg\" alt=\"\" width=\"139\" height=\"111\" srcset=\"https:\/\/www.vosca.eu\/wp-content\/uploads\/2023\/06\/IMG-20230524-WA0005-502x400.jpg 502w, https:\/\/www.vosca.eu\/wp-content\/uploads\/2023\/06\/IMG-20230524-WA0005-1003x800.jpg 1003w, https:\/\/www.vosca.eu\/wp-content\/uploads\/2023\/06\/IMG-20230524-WA0005-768x612.jpg 768w, https:\/\/www.vosca.eu\/wp-content\/uploads\/2023\/06\/IMG-20230524-WA0005-1536x1225.jpg 1536w, https:\/\/www.vosca.eu\/wp-content\/uploads\/2023\/06\/IMG-20230524-WA0005-510x407.jpg 510w, https:\/\/www.vosca.eu\/wp-content\/uploads\/2023\/06\/IMG-20230524-WA0005.jpg 2048w\" sizes=\"(max-width: 139px) 100vw, 139px\" \/> <img decoding=\"async\" class=\"alignnone wp-image-18492\" src=\"https:\/\/www.vosca.eu\/wp-content\/uploads\/2023\/06\/IMG-20230524-WA0008-533x400.jpg\" alt=\"\" width=\"147\" height=\"110\" srcset=\"https:\/\/www.vosca.eu\/wp-content\/uploads\/2023\/06\/IMG-20230524-WA0008-533x400.jpg 533w, https:\/\/www.vosca.eu\/wp-content\/uploads\/2023\/06\/IMG-20230524-WA0008-1067x800.jpg 1067w, https:\/\/www.vosca.eu\/wp-content\/uploads\/2023\/06\/IMG-20230524-WA0008-768x576.jpg 768w, https:\/\/www.vosca.eu\/wp-content\/uploads\/2023\/06\/IMG-20230524-WA0008-1536x1152.jpg 1536w, https:\/\/www.vosca.eu\/wp-content\/uploads\/2023\/06\/IMG-20230524-WA0008-510x383.jpg 510w, https:\/\/www.vosca.eu\/wp-content\/uploads\/2023\/06\/IMG-20230524-WA0008.jpg 2048w\" sizes=\"(max-width: 147px) 100vw, 147px\" \/> <img decoding=\"async\" class=\"alignnone wp-image-18484\" src=\"https:\/\/www.vosca.eu\/wp-content\/uploads\/2023\/06\/IMG-20230524-WA0006-500x400.jpg\" alt=\"\" width=\"136\" height=\"109\" srcset=\"https:\/\/www.vosca.eu\/wp-content\/uploads\/2023\/06\/IMG-20230524-WA0006-500x400.jpg 500w, https:\/\/www.vosca.eu\/wp-content\/uploads\/2023\/06\/IMG-20230524-WA0006-1000x800.jpg 1000w, https:\/\/www.vosca.eu\/wp-content\/uploads\/2023\/06\/IMG-20230524-WA0006-768x614.jpg 768w, https:\/\/www.vosca.eu\/wp-content\/uploads\/2023\/06\/IMG-20230524-WA0006-1536x1229.jpg 1536w, https:\/\/www.vosca.eu\/wp-content\/uploads\/2023\/06\/IMG-20230524-WA0006-510x408.jpg 510w, https:\/\/www.vosca.eu\/wp-content\/uploads\/2023\/06\/IMG-20230524-WA0006.jpg 2048w\" sizes=\"(max-width: 136px) 100vw, 136px\" \/> <img decoding=\"async\" class=\"alignnone wp-image-18488\" src=\"https:\/\/www.vosca.eu\/wp-content\/uploads\/2023\/06\/IMG-20230524-WA0007-533x400.jpg\" alt=\"\" width=\"143\" height=\"107\" srcset=\"https:\/\/www.vosca.eu\/wp-content\/uploads\/2023\/06\/IMG-20230524-WA0007-533x400.jpg 533w, https:\/\/www.vosca.eu\/wp-content\/uploads\/2023\/06\/IMG-20230524-WA0007-1067x800.jpg 1067w, https:\/\/www.vosca.eu\/wp-content\/uploads\/2023\/06\/IMG-20230524-WA0007-768x576.jpg 768w, https:\/\/www.vosca.eu\/wp-content\/uploads\/2023\/06\/IMG-20230524-WA0007-1536x1152.jpg 1536w, https:\/\/www.vosca.eu\/wp-content\/uploads\/2023\/06\/IMG-20230524-WA0007-510x383.jpg 510w, https:\/\/www.vosca.eu\/wp-content\/uploads\/2023\/06\/IMG-20230524-WA0007.jpg 2048w\" sizes=\"(max-width: 143px) 100vw, 143px\" \/><\/p>\n\t\t<\/div>\n\t<\/div>\n\t\n\t<div id=\"accordion-1066187945\" class=\"accordion-item\">\n\t\t<a id=\"accordion-1066187945-label\" class=\"accordion-title plain\" href=\"#accordion-item-tienda-online\" aria-expanded=\"false\" aria-controls=\"accordion-1066187945-content\">\n\t\t\t<button class=\"toggle\" aria-label=\"Toggle\"><i class=\"icon-angle-down\" aria-hidden=\"true\"><\/i><\/button>\n\t\t\t<span>Tienda online<\/span>\n\t\t<\/a>\n\t\t<div id=\"accordion-1066187945-content\" class=\"accordion-inner\" aria-labelledby=\"accordion-1066187945-label\">\n\t\t\t\n<p>Las viseras parasol de varios tipos de autom\u00f3viles que no figuran en nuestra tienda online quiz\u00e1s est\u00e9n disponibles,\u00a0 para m\u00e1s informaci\u00f3n puede enviarnos un correo electr\u00f3nico.<\/p>\n\t\t<\/div>\n\t<\/div>\n\t\n\t<div id=\"accordion-2236895422\" class=\"accordion-item\">\n\t\t<a id=\"accordion-2236895422-label\" class=\"accordion-title plain\" href=\"#accordion-item-t\u00faneles-de-lavado\" aria-expanded=\"false\" aria-controls=\"accordion-2236895422-content\">\n\t\t\t<button class=\"toggle\" aria-label=\"Toggle\"><i class=\"icon-angle-down\" aria-hidden=\"true\"><\/i><\/button>\n\t\t\t<span>T\u00faneles de lavado<\/span>\n\t\t<\/a>\n\t\t<div id=\"accordion-2236895422-content\" class=\"accordion-inner\" aria-labelledby=\"accordion-2236895422-label\">\n\t\t\t\n<p>En Vosca no podemos darle ninguna garant\u00eda para los t\u00faneles lavado, esto est\u00e1 relacionado con la gran cantidad de diferenencias en\u00a0 t\u00faneles de lavado, y por lo tanto le recomendamos: no utilice dichos t\u00faneles de lavado.<\/p>\n\t\t<\/div>\n\t<\/div>\n\t\n\t<div id=\"accordion-2396907570\" class=\"accordion-item\">\n\t\t<a id=\"accordion-2396907570-label\" class=\"accordion-title plain\" href=\"#accordion-item-material-de-montaje\" aria-expanded=\"false\" aria-controls=\"accordion-2396907570-content\">\n\t\t\t<button class=\"toggle\" aria-label=\"Toggle\"><i class=\"icon-angle-down\" aria-hidden=\"true\"><\/i><\/button>\n\t\t\t<span>Material de montaje<\/span>\n\t\t<\/a>\n\t\t<div id=\"accordion-2396907570-content\" class=\"accordion-inner\" aria-labelledby=\"accordion-2396907570-label\">\n\t\t\t\n<p>Todas las viseras parasol se env\u00edan completas con material e instrucciones de montaje.<\/p>\n\t\t<\/div>\n\t<\/div>\n\t\n\t<div id=\"accordion-990909027\" class=\"accordion-item\">\n\t\t<a id=\"accordion-990909027-label\" class=\"accordion-title plain\" href=\"#accordion-item-montaje\" aria-expanded=\"false\" aria-controls=\"accordion-990909027-content\">\n\t\t\t<button class=\"toggle\" aria-label=\"Toggle\"><i class=\"icon-angle-down\" aria-hidden=\"true\"><\/i><\/button>\n\t\t\t<span>Montaje<\/span>\n\t\t<\/a>\n\t\t<div id=\"accordion-990909027-content\" class=\"accordion-inner\" aria-labelledby=\"accordion-990909027-label\">\n\t\t\t\n<p>Puede hacerlo usted mismo.<\/p>\n<p><a href=\"https:\/\/www.vosca.eu\/wp-content\/uploads\/2021\/02\/montage-tekst-1-scaled.jpg\" target=\"_blank\" rel=\"noopener\"><img decoding=\"async\" class=\"alignnone wp-image-15106 size-large\" src=\"https:\/\/www.vosca.eu\/wp-content\/uploads\/2021\/02\/montage-tekst-1-1400x787.jpg\" alt=\"\" width=\"1020\" height=\"573\" srcset=\"https:\/\/www.vosca.eu\/wp-content\/uploads\/2021\/02\/montage-tekst-1-1400x787.jpg 1400w, https:\/\/www.vosca.eu\/wp-content\/uploads\/2021\/02\/montage-tekst-1-711x400.jpg 711w, https:\/\/www.vosca.eu\/wp-content\/uploads\/2021\/02\/montage-tekst-1-768x432.jpg 768w, https:\/\/www.vosca.eu\/wp-content\/uploads\/2021\/02\/montage-tekst-1-1536x864.jpg 1536w, https:\/\/www.vosca.eu\/wp-content\/uploads\/2021\/02\/montage-tekst-1-2048x1152.jpg 2048w, https:\/\/www.vosca.eu\/wp-content\/uploads\/2021\/02\/montage-tekst-1-510x287.jpg 510w\" sizes=\"(max-width: 1020px) 100vw, 1020px\" \/><\/a><\/p>\n<p><a href=\"https:\/\/www.vosca.eu\/wp-content\/uploads\/2021\/02\/montage-tekst-2-scaled.jpg\" target=\"_blank\" rel=\"noopener\"><img decoding=\"async\" class=\"alignnone wp-image-15109 size-large\" src=\"https:\/\/www.vosca.eu\/wp-content\/uploads\/2021\/02\/montage-tekst-2-1400x787.jpg\" alt=\"\" width=\"1020\" height=\"573\" srcset=\"https:\/\/www.vosca.eu\/wp-content\/uploads\/2021\/02\/montage-tekst-2-1400x787.jpg 1400w, https:\/\/www.vosca.eu\/wp-content\/uploads\/2021\/02\/montage-tekst-2-711x400.jpg 711w, https:\/\/www.vosca.eu\/wp-content\/uploads\/2021\/02\/montage-tekst-2-768x432.jpg 768w, https:\/\/www.vosca.eu\/wp-content\/uploads\/2021\/02\/montage-tekst-2-1536x864.jpg 1536w, https:\/\/www.vosca.eu\/wp-content\/uploads\/2021\/02\/montage-tekst-2-2048x1152.jpg 2048w, https:\/\/www.vosca.eu\/wp-content\/uploads\/2021\/02\/montage-tekst-2-510x287.jpg 510w\" sizes=\"(max-width: 1020px) 100vw, 1020px\" \/><\/a><\/p>\n<p><a href=\"https:\/\/www.vosca.eu\/wp-content\/uploads\/2021\/02\/op-nummer-foto-1-scaled.jpg\" target=\"_blank\" rel=\"noopener\"><img decoding=\"async\" class=\"alignnone wp-image-16230 size-large\" src=\"https:\/\/www.vosca.eu\/wp-content\/uploads\/2021\/02\/op-nummer-foto-1-1400x787.jpg\" alt=\"\" width=\"1020\" height=\"573\" srcset=\"https:\/\/www.vosca.eu\/wp-content\/uploads\/2021\/02\/op-nummer-foto-1-1400x787.jpg 1400w, https:\/\/www.vosca.eu\/wp-content\/uploads\/2021\/02\/op-nummer-foto-1-711x400.jpg 711w, https:\/\/www.vosca.eu\/wp-content\/uploads\/2021\/02\/op-nummer-foto-1-768x432.jpg 768w, https:\/\/www.vosca.eu\/wp-content\/uploads\/2021\/02\/op-nummer-foto-1-1536x864.jpg 1536w, https:\/\/www.vosca.eu\/wp-content\/uploads\/2021\/02\/op-nummer-foto-1-2048x1152.jpg 2048w, https:\/\/www.vosca.eu\/wp-content\/uploads\/2021\/02\/op-nummer-foto-1-510x287.jpg 510w\" sizes=\"(max-width: 1020px) 100vw, 1020px\" \/><\/a><\/p>\n<p><a href=\"https:\/\/www.vosca.eu\/wp-content\/uploads\/2021\/02\/op-nummer-foto-2-scaled.jpg\" target=\"_blank\" rel=\"noopener\"><img decoding=\"async\" class=\"alignnone wp-image-16233 size-large\" src=\"https:\/\/www.vosca.eu\/wp-content\/uploads\/2021\/02\/op-nummer-foto-2-1400x787.jpg\" alt=\"\" width=\"1020\" height=\"573\" srcset=\"https:\/\/www.vosca.eu\/wp-content\/uploads\/2021\/02\/op-nummer-foto-2-1400x787.jpg 1400w, https:\/\/www.vosca.eu\/wp-content\/uploads\/2021\/02\/op-nummer-foto-2-711x400.jpg 711w, https:\/\/www.vosca.eu\/wp-content\/uploads\/2021\/02\/op-nummer-foto-2-768x432.jpg 768w, https:\/\/www.vosca.eu\/wp-content\/uploads\/2021\/02\/op-nummer-foto-2-1536x864.jpg 1536w, https:\/\/www.vosca.eu\/wp-content\/uploads\/2021\/02\/op-nummer-foto-2-2048x1152.jpg 2048w, https:\/\/www.vosca.eu\/wp-content\/uploads\/2021\/02\/op-nummer-foto-2-510x287.jpg 510w\" sizes=\"(max-width: 1020px) 100vw, 1020px\" \/><\/a><\/p>\n<p>&nbsp;<\/p>\n\t\t<\/div>\n\t<\/div>\n\t\n\t<div id=\"accordion-2854919742\" class=\"accordion-item\">\n\t\t<a id=\"accordion-2854919742-label\" class=\"accordion-title plain\" href=\"#accordion-item-materiales-por-encargo\" aria-expanded=\"false\" aria-controls=\"accordion-2854919742-content\">\n\t\t\t<button class=\"toggle\" aria-label=\"Toggle\"><i class=\"icon-angle-down\" aria-hidden=\"true\"><\/i><\/button>\n\t\t\t<span>Materiales por encargo<\/span>\n\t\t<\/a>\n\t\t<div id=\"accordion-2854919742-content\" class=\"accordion-inner\" aria-labelledby=\"accordion-2854919742-label\">\n\t\t\t\n<p>Todas las viseras parasol son hechas por nosotros por encargo, por lo tanto, no se aceptan devoluciones.<\/p>\n\t\t<\/div>\n\t<\/div>\n\t\n\t<div id=\"accordion-2877368574\" class=\"accordion-item\">\n\t\t<a id=\"accordion-2877368574-label\" class=\"accordion-title plain\" href=\"#accordion-item-tiempo-de-entrega\" aria-expanded=\"false\" aria-controls=\"accordion-2877368574-content\">\n\t\t\t<button class=\"toggle\" aria-label=\"Toggle\"><i class=\"icon-angle-down\" aria-hidden=\"true\"><\/i><\/button>\n\t\t\t<span>Tiempo de entrega<\/span>\n\t\t<\/a>\n\t\t<div id=\"accordion-2877368574-content\" class=\"accordion-inner\" aria-labelledby=\"accordion-2877368574-label\">\n\t\t\t\n<p>En Vosca, intentamos enviar todas las viseras parasol dentro de los \u00b1 20 d\u00edas h\u00e1biles posteriores al recibo del pago.<\/p>\n\t\t<\/div>\n\t<\/div>\n\t\n\t<div id=\"accordion-1364834113\" class=\"accordion-item\">\n\t\t<a id=\"accordion-1364834113-label\" class=\"accordion-title plain\" href=\"#accordion-item-entregas\" aria-expanded=\"false\" aria-controls=\"accordion-1364834113-content\">\n\t\t\t<button class=\"toggle\" aria-label=\"Toggle\"><i class=\"icon-angle-down\" aria-hidden=\"true\"><\/i><\/button>\n\t\t\t<span>Entregas<\/span>\n\t\t<\/a>\n\t\t<div id=\"accordion-1364834113-content\" class=\"accordion-inner\" aria-labelledby=\"accordion-1364834113-label\">\n\t\t\t\n<p>Siempre le aconsejamos que compruebe inmediatamente en\u00a0 todas las entregas si hay roturas \/ da\u00f1os o la correcta entrega del material pedido y que informe inmediatamente de alguna anomal\u00eda.<\/p>\n\t\t<\/div>\n\t<\/div>\n\t\n\t<div id=\"accordion-3004393293\" class=\"accordion-item\">\n\t\t<a id=\"accordion-3004393293-label\" class=\"accordion-title plain\" href=\"#accordion-item-pagos\" aria-expanded=\"false\" aria-controls=\"accordion-3004393293-content\">\n\t\t\t<button class=\"toggle\" aria-label=\"Toggle\"><i class=\"icon-angle-down\" aria-hidden=\"true\"><\/i><\/button>\n\t\t\t<span>Pagos<\/span>\n\t\t<\/a>\n\t\t<div id=\"accordion-3004393293-content\" class=\"accordion-inner\" aria-labelledby=\"accordion-3004393293-label\">\n\t\t\t\n<p>Todas las entregas \/ pedidos se pagaran antes de la producci\u00f3n de estos.<\/p>\n\t\t<\/div>\n\t<\/div>\n\t\n\t<div id=\"accordion-2424648282\" class=\"accordion-item\">\n\t\t<a id=\"accordion-2424648282-label\" class=\"accordion-title plain\" href=\"#accordion-item-material\" aria-expanded=\"false\" aria-controls=\"accordion-2424648282-content\">\n\t\t\t<button class=\"toggle\" aria-label=\"Toggle\"><i class=\"icon-angle-down\" aria-hidden=\"true\"><\/i><\/button>\n\t\t\t<span>Material<\/span>\n\t\t<\/a>\n\t\t<div id=\"accordion-2424648282-content\" class=\"accordion-inner\" aria-labelledby=\"accordion-2424648282-label\">\n\t\t\t\n<p>Todas las viseras parasol con un marco de metal de alta calidad y piezas de acero inoxidable est\u00e1n completamente previstas de pintura en polvo electrost\u00e1tica, esto es para mantener durante muchos a\u00f1os la calidad de estas en diversas condiciones clim\u00e1ticas. El acrilato tambi\u00e9n tiene una buena solidez del color y es resistente a los rayos UV.<\/p>\n\t\t<\/div>\n\t<\/div>\n\t\n\t<div id=\"accordion-3432766830\" class=\"accordion-item\">\n\t\t<a id=\"accordion-3432766830-label\" class=\"accordion-title plain\" href=\"#accordion-item-garantia\" aria-expanded=\"false\" aria-controls=\"accordion-3432766830-content\">\n\t\t\t<button class=\"toggle\" aria-label=\"Toggle\"><i class=\"icon-angle-down\" aria-hidden=\"true\"><\/i><\/button>\n\t\t\t<span>Garantia<\/span>\n\t\t<\/a>\n\t\t<div id=\"accordion-3432766830-content\" class=\"accordion-inner\" aria-labelledby=\"accordion-3432766830-label\">\n\t\t\t\n<p>Todas las viseras parasol se revisan antes de su embalaje y envio, si hay al\u00fan problema, <strong>SIEMPRE<\/strong> h\u00e1ganoslo saber <strong>DENTRO DE LAS 48 HORAS<\/strong>, de lo contrario la garantia quedar;a anulada. Nosotros en Vosca, siempre trataremos de resolver esto para usted de manera apropiada.<\/p>\n\t\t<\/div>\n\t<\/div>\n\t\n\t<div id=\"accordion-1573306737\" class=\"accordion-item\">\n\t\t<a id=\"accordion-1573306737-label\" class=\"accordion-title plain\" href=\"#accordion-item-da\u00f1os\" aria-expanded=\"false\" aria-controls=\"accordion-1573306737-content\">\n\t\t\t<button class=\"toggle\" aria-label=\"Toggle\"><i class=\"icon-angle-down\" aria-hidden=\"true\"><\/i><\/button>\n\t\t\t<span>Da\u00f1os<\/span>\n\t\t<\/a>\n\t\t<div id=\"accordion-1573306737-content\" class=\"accordion-inner\" aria-labelledby=\"accordion-1573306737-label\">\n\t\t\t\n<p>Si se produjese alg\u00fan da\u00f1o durante el transporte, cont\u00e1cte con nosotros inmediatamente <strong>DENTRO DE LAS 48 HORAS<\/strong>. Tambi\u00e9n nos gustar\u00eda recibir fotos de dicho da\u00f1o, para que podamos visualizarle lo mejor posible, puede enviar esto a nuestra direcci\u00f3n de correo electr\u00f3nico: info@vosca.eu.<\/p>\n\t\t<\/div>\n\t<\/div>\n\t\n\t<div id=\"accordion-766215562\" class=\"accordion-item\">\n\t\t<a id=\"accordion-766215562-label\" class=\"accordion-title plain\" href=\"#accordion-item-para-obtener-m\u00e1s-informaci\u00f3n-o-preguntas?\" aria-expanded=\"false\" aria-controls=\"accordion-766215562-content\">\n\t\t\t<button class=\"toggle\" aria-label=\"Toggle\"><i class=\"icon-angle-down\" aria-hidden=\"true\"><\/i><\/button>\n\t\t\t<span>Para obtener m\u00e1s informaci\u00f3n o preguntas?<\/span>\n\t\t<\/a>\n\t\t<div id=\"accordion-766215562-content\" class=\"accordion-inner\" aria-labelledby=\"accordion-766215562-label\">\n\t\t\t\n<p>Env\u00edenos un correo electr\u00f3nico: info@vosca.eu.<\/p>\n\t\t<\/div>\n\t<\/div>\n\t\n\t\t<\/div>\n\t\t\t\t\t<\/div>\n\n\t\n<\/div>\n","protected":false},"excerpt":{"rendered":"","protected":false},"author":2478,"featured_media":0,"parent":0,"menu_order":0,"comment_status":"closed","ping_status":"closed","template":"page-blank.php","meta":{"_acf_changed":false,"_monsterinsights_skip_tracking":false,"_monsterinsights_sitenote_active":false,"_monsterinsights_sitenote_note":"","_monsterinsights_sitenote_category":0,"footnotes":""},"class_list":["post-4700","page","type-page","status-publish","hentry"],"acf":[],"_links":{"self":[{"href":"https:\/\/www.vosca.eu\/es\/wp-json\/wp\/v2\/pages\/4700","targetHints":{"allow":["GET"]}}],"collection":[{"href":"https:\/\/www.vosca.eu\/es\/wp-json\/wp\/v2\/pages"}],"about":[{"href":"https:\/\/www.vosca.eu\/es\/wp-json\/wp\/v2\/types\/page"}],"author":[{"embeddable":true,"href":"https:\/\/www.vosca.eu\/es\/wp-json\/wp\/v2\/users\/2478"}],"replies":[{"embeddable":true,"href":"https:\/\/www.vosca.eu\/es\/wp-json\/wp\/v2\/comments?post=4700"}],"version-history":[{"count":4,"href":"https:\/\/www.vosca.eu\/es\/wp-json\/wp\/v2\/pages\/4700\/revisions"}],"predecessor-version":[{"id":19619,"href":"https:\/\/www.vosca.eu\/es\/wp-json\/wp\/v2\/pages\/4700\/revisions\/19619"}],"wp:attachment":[{"href":"https:\/\/www.vosca.eu\/es\/wp-json\/wp\/v2\/media?parent=4700"}],"curies":[{"name":"wp","href":"https:\/\/api.w.org\/{rel}","templated":true}]}}