{"id":4706,"date":"2018-02-19T17:48:30","date_gmt":"2018-02-19T17:48:30","guid":{"rendered":"http:\/\/www.vosca.eu\/product-informatie\/"},"modified":"2021-12-13T19:23:36","modified_gmt":"2021-12-13T18:23:36","slug":"informacion-del-producto","status":"publish","type":"page","link":"https:\/\/www.vosca.eu\/es\/informacion-del-producto\/","title":{"rendered":"Informacion del producto"},"content":{"rendered":"\n  <div class=\"banner has-hover has-parallax\" id=\"banner-838255212\">\n          <div class=\"banner-inner fill\">\n        <div class=\"banner-bg fill\" data-parallax=\"-3\" data-parallax-container=\".banner\" data-parallax-background>\n            <img decoding=\"async\" width=\"1020\" height=\"372\" src=\"https:\/\/www.vosca.eu\/wp-content\/uploads\/2018\/02\/hero-vosca-1.jpg\" class=\"bg attachment-large size-large\" alt=\"\" \/>                                    \n                    <\/div>\n\t\t\n        <div class=\"banner-layers container\">\n            <div class=\"fill banner-link\"><\/div>            \n   <div id=\"text-box-461977495\" class=\"text-box banner-layer x50 md-x50 lg-x50 y80 md-y80 lg-y80 res-text\">\n                                <div class=\"text-box-content text dark\">\n              \n              <div class=\"text-inner text-center\">\n                  \n<h1 class=\"lead\">Informaci\u00f3n del producto<\/h1>\n              <\/div>\n           <\/div>\n                            \n<style>\n#text-box-461977495 {\n  width: 60%;\n}\n#text-box-461977495 .text-box-content {\n  font-size: 100%;\n}\n<\/style>\n    <\/div>\n \n        <\/div>\n      <\/div>\n\n            \n<style>\n#banner-838255212 {\n  padding-top: 300px;\n}\n<\/style>\n  <\/div>\n\n\n<div class=\"row\"  id=\"row-22956481\">\n\n\t<div id=\"col-393396408\" class=\"col small-12 large-12\"  >\n\t\t\t\t<div class=\"col-inner\"  >\n\t\t\t\n\t\t\t\n<h2>Visero parasol<\/h2>\n<p>La visera parasol Vosca est\u00e1 hecha de material sint\u00e9tico (perspex) y montado en un marco de metal para la fijaci\u00f3n a la parte exterior del parabrisas en diferentes tipos y modelos de autom\u00f3viles. La visera parasol previene deslumbramientos y evita la fatiga. Adem\u00e1s, aumenta la apariencia robusta del autom\u00f3vil.<\/p>\n<h2>Montaje<\/h2>\n<p>Importante ventaja de las viseras parasol Vosca es que est\u00e1n unidas al interior del poste de la puerta en sus soportes por medio de remaches. (por lo que no es necesario perforar nada en el exterior de su autom\u00f3vil). Adem\u00e1s este sistema de fijaci\u00f3n hace posible su r\u00e1pido montaje.<\/p>\n<h2>Varios<\/h2>\n<p>Mientras tanto, el parasol est\u00e1 bien establecido en el Benelux. Como resultado, cada vez se reciben m\u00e1s solicitudes de Vosca para suministrar fundas de protecci\u00f3n solar para turismos y veh\u00edculos espaciales. Por ejemplo, para el Toyota, pero tambi\u00e9n para todos los nuevos tipos de veh\u00edculos todoterreno 4&#215;4 y furgonetas, por ejemplo, el Mitsubishi L200, el Nissan Navara, el Mercedes Sprinter.<\/p>\n<h2>Perspectivas de mercado<\/h2>\n<p>El mercado de las viseras parasol cl\u00e1sicas es mucho m\u00e1s grande que solo Volvo y Volkswagen. Piense por ejemplo en el Mini Morris, y en lo hermosa que a este la visera le quedar\u00eda. Adem\u00e1s, hay muchos clubes de autom\u00f3viles que pueden directamente.a nosotros. La ventaja de la t\u00e9cnica de producci\u00f3n de viseras parasol cl\u00e1sicas es, que con un molde se pueden hacer una gran cantidad de modelos para una gran cantidad de autom\u00f3viles diferentes, as\u00ed que casi todo es posible.<\/p>\n<h2>El mercado Offroad 4&#215;4<\/h2>\n<p>El 4&#215;4 offroad es un mercado muy grande en el que Vosca tiene buenos clientes en diferentes pa\u00edses, como en B\u00e9lgica, Francia, Espa\u00f1a, Inglaterra. Vosca tambi\u00e9n tiene contactos en otros pa\u00edses de la UE y m\u00e1s all\u00e1 de esta. . Para todos estos pa\u00edses, Vosca tiene un hermoso producto en varios colores y para casi todos los tipos de autom\u00f3viles incluidos Nissan, Mitsubishi, Toyota, Suzuki pero tambi\u00e9n Ford, Opel, etc.<\/p>\n\t\t<\/div>\n\t\t\t\t\t<\/div>\n\n\t\n\n<style>\n#row-22956481 > .col > .col-inner {\n  padding: 30px 0px 30px 0px;\n}\n<\/style>\n<\/div>\n","protected":false},"excerpt":{"rendered":"","protected":false},"author":2478,"featured_media":4694,"parent":0,"menu_order":0,"comment_status":"closed","ping_status":"closed","template":"page-blank.php","meta":{"_acf_changed":false,"_monsterinsights_skip_tracking":false,"_monsterinsights_sitenote_active":false,"_monsterinsights_sitenote_note":"","_monsterinsights_sitenote_category":0,"footnotes":""},"class_list":["post-4706","page","type-page","status-publish","has-post-thumbnail","hentry"],"acf":[],"_links":{"self":[{"href":"https:\/\/www.vosca.eu\/es\/wp-json\/wp\/v2\/pages\/4706","targetHints":{"allow":["GET"]}}],"collection":[{"href":"https:\/\/www.vosca.eu\/es\/wp-json\/wp\/v2\/pages"}],"about":[{"href":"https:\/\/www.vosca.eu\/es\/wp-json\/wp\/v2\/types\/page"}],"author":[{"embeddable":true,"href":"https:\/\/www.vosca.eu\/es\/wp-json\/wp\/v2\/users\/2478"}],"replies":[{"embeddable":true,"href":"https:\/\/www.vosca.eu\/es\/wp-json\/wp\/v2\/comments?post=4706"}],"version-history":[{"count":0,"href":"https:\/\/www.vosca.eu\/es\/wp-json\/wp\/v2\/pages\/4706\/revisions"}],"wp:featuredmedia":[{"embeddable":true,"href":"https:\/\/www.vosca.eu\/es\/wp-json\/wp\/v2\/media\/4694"}],"wp:attachment":[{"href":"https:\/\/www.vosca.eu\/es\/wp-json\/wp\/v2\/media?parent=4706"}],"curies":[{"name":"wp","href":"https:\/\/api.w.org\/{rel}","templated":true}]}}