{"id":16348,"date":"2022-01-24T13:55:53","date_gmt":"2022-01-24T12:55:53","guid":{"rendered":"https:\/\/www.vosca.eu\/?page_id=16348"},"modified":"2024-09-09T19:08:55","modified_gmt":"2024-09-09T17:08:55","slug":"vosca","status":"publish","type":"page","link":"https:\/\/www.vosca.eu\/fr\/vosca\/","title":{"rendered":"Informations generales"},"content":{"rendered":"\n  <div class=\"banner has-hover has-parallax\" id=\"banner-1933641420\">\n          <div class=\"banner-inner fill\">\n        <div class=\"banner-bg fill\" data-parallax=\"-3\" data-parallax-container=\".banner\" data-parallax-background>\n            <img decoding=\"async\" width=\"1020\" height=\"372\" src=\"https:\/\/www.vosca.eu\/wp-content\/uploads\/2018\/02\/hero-vosca-1.jpg\" class=\"bg attachment-large size-large\" alt=\"\" \/>                                    \n                    <\/div>\n\t\t\n        <div class=\"banner-layers container\">\n            <div class=\"fill banner-link\"><\/div>            \n   <div id=\"text-box-1692151202\" class=\"text-box banner-layer x50 md-x50 lg-x50 y80 md-y80 lg-y80 res-text\">\n                                <div class=\"text-box-content text dark\">\n              \n              <div class=\"text-inner text-center\">\n                  \n<h1 class=\"lead\">Vosca<\/h1>\n              <\/div>\n           <\/div>\n                            \n<style>\n#text-box-1692151202 {\n  width: 60%;\n}\n#text-box-1692151202 .text-box-content {\n  font-size: 100%;\n}\n<\/style>\n    <\/div>\n \n        <\/div>\n      <\/div>\n\n            \n<style>\n#banner-1933641420 {\n  padding-top: 300px;\n}\n<\/style>\n  <\/div>\n\n\n<div class=\"row\"  id=\"row-1553896288\">\n\n\t<div id=\"col-1702997555\" class=\"col small-12 large-12\"  >\n\t\t\t\t<div class=\"col-inner\"  >\n\t\t\t\n\t\t\t\n<p>Il y a des ann\u00e9es Vosca a commenc\u00e9 la fabrication du pare-soleil &lsquo;classic&rsquo; pour une voiture de collection. Apr\u00e8s les nombreuses r\u00e9actions positives et questions d&rsquo;autres marques, nous avons d\u00e9cid\u00e9 de continuer l&rsquo;aventure en cr\u00e9ant un pare-soleil &lsquo;classic&rsquo; pour d&rsquo;autres fabricants automobiles.<\/p>\n<p>Ainsi arrivait aussi la question chez Vosca si on pouvait d\u00e9v\u00e9lopper un pare-soleil pour des 4&#215;4&rsquo;s et des camions de livraison. C&rsquo;\u00e9tait une bonne id\u00e9e, mais on pensait que ce mod\u00e8le devait \u00eatre plus robuste et ensuite on a cr\u00e9\u00e9 un tout nouveau mod\u00e8le sp\u00e9cialement pour ce genre de v\u00e9hicules. Nous avons, entretemps, eu la chance de fabriquer de beaux pare-soleils pour de nombreuses marques.<\/p>\n\t\t<\/div>\n\t\t\t\t\t<\/div>\n\n\t\n\n<style>\n#row-1553896288 > .col > .col-inner {\n  padding: 30px 0px 30px 0px;\n}\n<\/style>\n<\/div>\n<div class=\"row\"  id=\"row-248557231\">\n\n\t<div id=\"col-2068665206\" class=\"col small-12 large-12\"  >\n\t\t\t\t<div class=\"col-inner\"  >\n\t\t\t\n\t\t\t\n\t<div id=\"accordion-3845736348\" class=\"accordion-item\">\n\t\t<a id=\"accordion-3845736348-label\" class=\"accordion-title plain\" href=\"#accordion-item-frais-d&#039;envoi-\/-frais-d&#039;emballage\" aria-expanded=\"false\" aria-controls=\"accordion-3845736348-content\">\n\t\t\t<button class=\"toggle\" aria-label=\"Basculer\"><i class=\"icon-angle-down\" aria-hidden=\"true\"><\/i><\/button>\n\t\t\t<span>Frais d'envoi \/ Frais d'emballage<\/span>\n\t\t<\/a>\n\t\t<div id=\"accordion-3845736348-content\" class=\"accordion-inner\" aria-labelledby=\"accordion-3845736348-label\">\n\t\t\t\n<p>Ces frais sont variables et seront calcul\u00e9s en fonction des destinations internationales.<\/p>\n\t\t<\/div>\n\t<\/div>\n\t\n\t<div id=\"accordion-2301728622\" class=\"accordion-item\">\n\t\t<a id=\"accordion-2301728622-label\" class=\"accordion-title plain\" href=\"#accordion-item-prix\" aria-expanded=\"false\" aria-controls=\"accordion-2301728622-content\">\n\t\t\t<button class=\"toggle\" aria-label=\"Basculer\"><i class=\"icon-angle-down\" aria-hidden=\"true\"><\/i><\/button>\n\t\t\t<span>Prix<\/span>\n\t\t<\/a>\n\t\t<div id=\"accordion-2301728622-content\" class=\"accordion-inner\" aria-labelledby=\"accordion-2301728622-label\">\n\t\t\t\n<p>Nos prix sont inclusifs de TVA dans notre webshop.<\/p>\n\t\t<\/div>\n\t<\/div>\n\t\n\t<div id=\"accordion-1828087214\" class=\"accordion-item\">\n\t\t<a id=\"accordion-1828087214-label\" class=\"accordion-title plain\" href=\"#accordion-item-coloris\" aria-expanded=\"false\" aria-controls=\"accordion-1828087214-content\">\n\t\t\t<button class=\"toggle\" aria-label=\"Basculer\"><i class=\"icon-angle-down\" aria-hidden=\"true\"><\/i><\/button>\n\t\t\t<span>Coloris<\/span>\n\t\t<\/a>\n\t\t<div id=\"accordion-1828087214-content\" class=\"accordion-inner\" aria-labelledby=\"accordion-1828087214-label\">\n\t\t\t\n<p>Nous avons cinq couleurs diff\u00e9rentes,<br \/>\n<img decoding=\"async\" class=\"alignnone wp-image-18475\" src=\"https:\/\/www.vosca.eu\/wp-content\/uploads\/2023\/06\/IMG-20230524-WA0000-540x400.jpg\" alt=\"\" width=\"149\" height=\"110\" srcset=\"https:\/\/www.vosca.eu\/wp-content\/uploads\/2023\/06\/IMG-20230524-WA0000-540x400.jpg 540w, https:\/\/www.vosca.eu\/wp-content\/uploads\/2023\/06\/IMG-20230524-WA0000-1079x800.jpg 1079w, https:\/\/www.vosca.eu\/wp-content\/uploads\/2023\/06\/IMG-20230524-WA0000-768x569.jpg 768w, https:\/\/www.vosca.eu\/wp-content\/uploads\/2023\/06\/IMG-20230524-WA0000-1536x1139.jpg 1536w, https:\/\/www.vosca.eu\/wp-content\/uploads\/2023\/06\/IMG-20230524-WA0000-510x378.jpg 510w, https:\/\/www.vosca.eu\/wp-content\/uploads\/2023\/06\/IMG-20230524-WA0000.jpg 2048w\" sizes=\"(max-width: 149px) 100vw, 149px\" \/> <img decoding=\"async\" class=\"alignnone wp-image-18479\" src=\"https:\/\/www.vosca.eu\/wp-content\/uploads\/2023\/06\/IMG-20230524-WA0005-502x400.jpg\" alt=\"\" width=\"137\" height=\"109\" srcset=\"https:\/\/www.vosca.eu\/wp-content\/uploads\/2023\/06\/IMG-20230524-WA0005-502x400.jpg 502w, https:\/\/www.vosca.eu\/wp-content\/uploads\/2023\/06\/IMG-20230524-WA0005-1003x800.jpg 1003w, https:\/\/www.vosca.eu\/wp-content\/uploads\/2023\/06\/IMG-20230524-WA0005-768x612.jpg 768w, https:\/\/www.vosca.eu\/wp-content\/uploads\/2023\/06\/IMG-20230524-WA0005-1536x1225.jpg 1536w, https:\/\/www.vosca.eu\/wp-content\/uploads\/2023\/06\/IMG-20230524-WA0005-510x407.jpg 510w, https:\/\/www.vosca.eu\/wp-content\/uploads\/2023\/06\/IMG-20230524-WA0005.jpg 2048w\" sizes=\"(max-width: 137px) 100vw, 137px\" \/> <img decoding=\"async\" class=\"alignnone wp-image-18491\" src=\"https:\/\/www.vosca.eu\/wp-content\/uploads\/2023\/06\/IMG-20230524-WA0008-533x400.jpg\" alt=\"\" width=\"144\" height=\"108\" srcset=\"https:\/\/www.vosca.eu\/wp-content\/uploads\/2023\/06\/IMG-20230524-WA0008-533x400.jpg 533w, https:\/\/www.vosca.eu\/wp-content\/uploads\/2023\/06\/IMG-20230524-WA0008-1067x800.jpg 1067w, https:\/\/www.vosca.eu\/wp-content\/uploads\/2023\/06\/IMG-20230524-WA0008-768x576.jpg 768w, https:\/\/www.vosca.eu\/wp-content\/uploads\/2023\/06\/IMG-20230524-WA0008-1536x1152.jpg 1536w, https:\/\/www.vosca.eu\/wp-content\/uploads\/2023\/06\/IMG-20230524-WA0008-510x383.jpg 510w, https:\/\/www.vosca.eu\/wp-content\/uploads\/2023\/06\/IMG-20230524-WA0008.jpg 2048w\" sizes=\"(max-width: 144px) 100vw, 144px\" \/> <img decoding=\"async\" class=\"alignnone wp-image-18483\" src=\"https:\/\/www.vosca.eu\/wp-content\/uploads\/2023\/06\/IMG-20230524-WA0006-500x400.jpg\" alt=\"\" width=\"133\" height=\"106\" srcset=\"https:\/\/www.vosca.eu\/wp-content\/uploads\/2023\/06\/IMG-20230524-WA0006-500x400.jpg 500w, https:\/\/www.vosca.eu\/wp-content\/uploads\/2023\/06\/IMG-20230524-WA0006-1000x800.jpg 1000w, https:\/\/www.vosca.eu\/wp-content\/uploads\/2023\/06\/IMG-20230524-WA0006-768x614.jpg 768w, https:\/\/www.vosca.eu\/wp-content\/uploads\/2023\/06\/IMG-20230524-WA0006-1536x1229.jpg 1536w, https:\/\/www.vosca.eu\/wp-content\/uploads\/2023\/06\/IMG-20230524-WA0006-510x408.jpg 510w, https:\/\/www.vosca.eu\/wp-content\/uploads\/2023\/06\/IMG-20230524-WA0006.jpg 2048w\" sizes=\"(max-width: 133px) 100vw, 133px\" \/> <img decoding=\"async\" class=\"alignnone wp-image-18487\" src=\"https:\/\/www.vosca.eu\/wp-content\/uploads\/2023\/06\/IMG-20230524-WA0007-533x400.jpg\" alt=\"\" width=\"141\" height=\"106\" srcset=\"https:\/\/www.vosca.eu\/wp-content\/uploads\/2023\/06\/IMG-20230524-WA0007-533x400.jpg 533w, https:\/\/www.vosca.eu\/wp-content\/uploads\/2023\/06\/IMG-20230524-WA0007-1067x800.jpg 1067w, https:\/\/www.vosca.eu\/wp-content\/uploads\/2023\/06\/IMG-20230524-WA0007-768x576.jpg 768w, https:\/\/www.vosca.eu\/wp-content\/uploads\/2023\/06\/IMG-20230524-WA0007-1536x1152.jpg 1536w, https:\/\/www.vosca.eu\/wp-content\/uploads\/2023\/06\/IMG-20230524-WA0007-510x383.jpg 510w, https:\/\/www.vosca.eu\/wp-content\/uploads\/2023\/06\/IMG-20230524-WA0007.jpg 2048w\" sizes=\"(max-width: 141px) 100vw, 141px\" \/><\/p>\n\t\t<\/div>\n\t<\/div>\n\t\n\t<div id=\"accordion-2473943662\" class=\"accordion-item\">\n\t\t<a id=\"accordion-2473943662-label\" class=\"accordion-title plain\" href=\"#accordion-item-webshop\" aria-expanded=\"false\" aria-controls=\"accordion-2473943662-content\">\n\t\t\t<button class=\"toggle\" aria-label=\"Basculer\"><i class=\"icon-angle-down\" aria-hidden=\"true\"><\/i><\/button>\n\t\t\t<span>Webshop<\/span>\n\t\t<\/a>\n\t\t<div id=\"accordion-2473943662-content\" class=\"accordion-inner\" aria-labelledby=\"accordion-2473943662-label\">\n\t\t\t\n<p>Le march\u00e9 changeant, tous nos modeles de pare-soleil ne sont pas forcement catologu\u00e9s dans notre webshop. N&rsquo;hesitez pas \u00e0 nous envoyer un mail pour plus d&rsquo;informations.<\/p>\n\t\t<\/div>\n\t<\/div>\n\t\n\t<div id=\"accordion-834685215\" class=\"accordion-item\">\n\t\t<a id=\"accordion-834685215-label\" class=\"accordion-title plain\" href=\"#accordion-item-centres-de-lavage\" aria-expanded=\"false\" aria-controls=\"accordion-834685215-content\">\n\t\t\t<button class=\"toggle\" aria-label=\"Basculer\"><i class=\"icon-angle-down\" aria-hidden=\"true\"><\/i><\/button>\n\t\t\t<span>Centres de lavage<\/span>\n\t\t<\/a>\n\t\t<div id=\"accordion-834685215-content\" class=\"accordion-inner\" aria-labelledby=\"accordion-834685215-label\">\n\t\t\t\n<p>Vosca ne peut vous donner une garantie pour les &lsquo;accidents&rsquo; en centre de lavage, vu leurs fonctionnements divers. Nous pr\u00e9f\u00e9rons vous les d\u00e9conseiller.<\/p>\n\t\t<\/div>\n\t<\/div>\n\t\n\t<div id=\"accordion-3716352123\" class=\"accordion-item\">\n\t\t<a id=\"accordion-3716352123-label\" class=\"accordion-title plain\" href=\"#accordion-item-mat\u00e9riel-de-montage\" aria-expanded=\"false\" aria-controls=\"accordion-3716352123-content\">\n\t\t\t<button class=\"toggle\" aria-label=\"Basculer\"><i class=\"icon-angle-down\" aria-hidden=\"true\"><\/i><\/button>\n\t\t\t<span>Mat\u00e9riel de montage<\/span>\n\t\t<\/a>\n\t\t<div id=\"accordion-3716352123-content\" class=\"accordion-inner\" aria-labelledby=\"accordion-3716352123-label\">\n\t\t\t\n<p>Tous nos pare-soleils sont envoy\u00e9s complets avec le mat\u00e9riel de montage ainsi que leurs instuctions de montage.<\/p>\n\t\t<\/div>\n\t<\/div>\n\t\n\t<div id=\"accordion-2257544804\" class=\"accordion-item\">\n\t\t<a id=\"accordion-2257544804-label\" class=\"accordion-title plain\" href=\"#accordion-item-command\u00e9s\" aria-expanded=\"false\" aria-controls=\"accordion-2257544804-content\">\n\t\t\t<button class=\"toggle\" aria-label=\"Basculer\"><i class=\"icon-angle-down\" aria-hidden=\"true\"><\/i><\/button>\n\t\t\t<span>Command\u00e9s<\/span>\n\t\t<\/a>\n\t\t<div id=\"accordion-2257544804-content\" class=\"accordion-inner\" aria-labelledby=\"accordion-2257544804-label\">\n\t\t\t\n<p>Tous nos pare-soleils sont fabriqu\u00e9s sur commande et ne peuvent, pour cette raison, \u00eatre repris.<\/p>\n\t\t<\/div>\n\t<\/div>\n\t\n\t<div id=\"accordion-540348166\" class=\"accordion-item\">\n\t\t<a id=\"accordion-540348166-label\" class=\"accordion-title plain\" href=\"#accordion-item-montage\" aria-expanded=\"false\" aria-controls=\"accordion-540348166-content\">\n\t\t\t<button class=\"toggle\" aria-label=\"Basculer\"><i class=\"icon-angle-down\" aria-hidden=\"true\"><\/i><\/button>\n\t\t\t<span>Montage<\/span>\n\t\t<\/a>\n\t\t<div id=\"accordion-540348166-content\" class=\"accordion-inner\" aria-labelledby=\"accordion-540348166-label\">\n\t\t\t\n<p>Vous pouvez monter le pare-soleil vous-m\u00eame.<\/p>\n<p><a href=\"https:\/\/www.vosca.eu\/wp-content\/uploads\/2021\/02\/montage-tekst-1-scaled.jpg\" target=\"_blank\" rel=\"noopener\"><img decoding=\"async\" class=\"alignnone wp-image-15106 size-large\" src=\"https:\/\/www.vosca.eu\/wp-content\/uploads\/2021\/02\/montage-tekst-1-1400x787.jpg\" alt=\"\" width=\"1020\" height=\"573\" srcset=\"https:\/\/www.vosca.eu\/wp-content\/uploads\/2021\/02\/montage-tekst-1-1400x787.jpg 1400w, https:\/\/www.vosca.eu\/wp-content\/uploads\/2021\/02\/montage-tekst-1-711x400.jpg 711w, https:\/\/www.vosca.eu\/wp-content\/uploads\/2021\/02\/montage-tekst-1-768x432.jpg 768w, https:\/\/www.vosca.eu\/wp-content\/uploads\/2021\/02\/montage-tekst-1-1536x864.jpg 1536w, https:\/\/www.vosca.eu\/wp-content\/uploads\/2021\/02\/montage-tekst-1-2048x1152.jpg 2048w, https:\/\/www.vosca.eu\/wp-content\/uploads\/2021\/02\/montage-tekst-1-510x287.jpg 510w\" sizes=\"(max-width: 1020px) 100vw, 1020px\" \/><\/a><\/p>\n<p><a href=\"https:\/\/www.vosca.eu\/wp-content\/uploads\/2021\/02\/montage-tekst-2-scaled.jpg\" target=\"_blank\" rel=\"noopener\"><img decoding=\"async\" class=\"alignnone wp-image-15109 size-large\" src=\"https:\/\/www.vosca.eu\/wp-content\/uploads\/2021\/02\/montage-tekst-2-1400x787.jpg\" alt=\"\" width=\"1020\" height=\"573\" srcset=\"https:\/\/www.vosca.eu\/wp-content\/uploads\/2021\/02\/montage-tekst-2-1400x787.jpg 1400w, https:\/\/www.vosca.eu\/wp-content\/uploads\/2021\/02\/montage-tekst-2-711x400.jpg 711w, https:\/\/www.vosca.eu\/wp-content\/uploads\/2021\/02\/montage-tekst-2-768x432.jpg 768w, https:\/\/www.vosca.eu\/wp-content\/uploads\/2021\/02\/montage-tekst-2-1536x864.jpg 1536w, https:\/\/www.vosca.eu\/wp-content\/uploads\/2021\/02\/montage-tekst-2-2048x1152.jpg 2048w, https:\/\/www.vosca.eu\/wp-content\/uploads\/2021\/02\/montage-tekst-2-510x287.jpg 510w\" sizes=\"(max-width: 1020px) 100vw, 1020px\" \/><\/a><\/p>\n<p><a href=\"https:\/\/www.vosca.eu\/wp-content\/uploads\/2021\/02\/op-nummer-foto-1-scaled.jpg\" target=\"_blank\" rel=\"noopener\"><img decoding=\"async\" class=\"alignnone wp-image-16350 size-large\" src=\"https:\/\/www.vosca.eu\/wp-content\/uploads\/2021\/02\/op-nummer-foto-1-1400x787.jpg\" alt=\"\" width=\"1020\" height=\"573\" srcset=\"https:\/\/www.vosca.eu\/wp-content\/uploads\/2021\/02\/op-nummer-foto-1-1400x787.jpg 1400w, https:\/\/www.vosca.eu\/wp-content\/uploads\/2021\/02\/op-nummer-foto-1-711x400.jpg 711w, https:\/\/www.vosca.eu\/wp-content\/uploads\/2021\/02\/op-nummer-foto-1-768x432.jpg 768w, https:\/\/www.vosca.eu\/wp-content\/uploads\/2021\/02\/op-nummer-foto-1-1536x864.jpg 1536w, https:\/\/www.vosca.eu\/wp-content\/uploads\/2021\/02\/op-nummer-foto-1-2048x1152.jpg 2048w, https:\/\/www.vosca.eu\/wp-content\/uploads\/2021\/02\/op-nummer-foto-1-510x287.jpg 510w\" sizes=\"(max-width: 1020px) 100vw, 1020px\" \/><\/a><\/p>\n<p><a href=\"https:\/\/www.vosca.eu\/wp-content\/uploads\/2021\/02\/op-nummer-foto-2-scaled.jpg\" target=\"_blank\" rel=\"noopener\"><img decoding=\"async\" class=\"alignnone wp-image-16351 size-large\" src=\"https:\/\/www.vosca.eu\/wp-content\/uploads\/2021\/02\/op-nummer-foto-2-1400x787.jpg\" alt=\"\" width=\"1020\" height=\"573\" srcset=\"https:\/\/www.vosca.eu\/wp-content\/uploads\/2021\/02\/op-nummer-foto-2-1400x787.jpg 1400w, https:\/\/www.vosca.eu\/wp-content\/uploads\/2021\/02\/op-nummer-foto-2-711x400.jpg 711w, https:\/\/www.vosca.eu\/wp-content\/uploads\/2021\/02\/op-nummer-foto-2-768x432.jpg 768w, https:\/\/www.vosca.eu\/wp-content\/uploads\/2021\/02\/op-nummer-foto-2-1536x864.jpg 1536w, https:\/\/www.vosca.eu\/wp-content\/uploads\/2021\/02\/op-nummer-foto-2-2048x1152.jpg 2048w, https:\/\/www.vosca.eu\/wp-content\/uploads\/2021\/02\/op-nummer-foto-2-510x287.jpg 510w\" sizes=\"(max-width: 1020px) 100vw, 1020px\" \/><\/a><\/p>\n<p>&nbsp;<\/p>\n\t\t<\/div>\n\t<\/div>\n\t\n\t<div id=\"accordion-2938619414\" class=\"accordion-item\">\n\t\t<a id=\"accordion-2938619414-label\" class=\"accordion-title plain\" href=\"#accordion-item-d\u00e9lais-de-livraison\" aria-expanded=\"false\" aria-controls=\"accordion-2938619414-content\">\n\t\t\t<button class=\"toggle\" aria-label=\"Basculer\"><i class=\"icon-angle-down\" aria-hidden=\"true\"><\/i><\/button>\n\t\t\t<span>D\u00e9lais de livraison<\/span>\n\t\t<\/a>\n\t\t<div id=\"accordion-2938619414-content\" class=\"accordion-inner\" aria-labelledby=\"accordion-2938619414-label\">\n\t\t\t\n<p>Vosca s&rsquo;efforce de vous envoyer votre commande dans les 21 jours suivant la r\u00e9ception du r\u00e8glement..<\/p>\n<p><span style=\"font-size: 14.4px;\">\t\t<\/div>\n\t<\/div>\n\t<\/span><\/p>\n\t<div id=\"accordion-2504663646\" class=\"accordion-item\">\n\t\t<a id=\"accordion-2504663646-label\" class=\"accordion-title plain\" href=\"#accordion-item-livraisons\" aria-expanded=\"false\" aria-controls=\"accordion-2504663646-content\">\n\t\t\t<button class=\"toggle\" aria-label=\"Basculer\"><i class=\"icon-angle-down\" aria-hidden=\"true\"><\/i><\/button>\n\t\t\t<span>Livraisons<\/span>\n\t\t<\/a>\n\t\t<div id=\"accordion-2504663646-content\" class=\"accordion-inner\" aria-labelledby=\"accordion-2504663646-label\">\n\t\t\t\n<p>Nous vous conseillons de controler et de v\u00e9rifier le contenu directement \u00e0 la livraison de votre commande. En cas de probl\u00e8me, nous vous remercions de nous le signaler imm\u00e9diatement.<\/p>\n\t\t<\/div>\n\t<\/div>\n\t\n\t<div id=\"accordion-4185674697\" class=\"accordion-item\">\n\t\t<a id=\"accordion-4185674697-label\" class=\"accordion-title plain\" href=\"#accordion-item-paiements\" aria-expanded=\"false\" aria-controls=\"accordion-4185674697-content\">\n\t\t\t<button class=\"toggle\" aria-label=\"Basculer\"><i class=\"icon-angle-down\" aria-hidden=\"true\"><\/i><\/button>\n\t\t\t<span>Paiements<\/span>\n\t\t<\/a>\n\t\t<div id=\"accordion-4185674697-content\" class=\"accordion-inner\" aria-labelledby=\"accordion-4185674697-label\">\n\t\t\t\n<p>Toutes les commandes doivent \u00eatre pay\u00e9es avant leur fabrication.<\/p>\n\t\t<\/div>\n\t<\/div>\n\t\n\t<div id=\"accordion-669716050\" class=\"accordion-item\">\n\t\t<a id=\"accordion-669716050-label\" class=\"accordion-title plain\" href=\"#accordion-item-mat\u00e9riel\" aria-expanded=\"false\" aria-controls=\"accordion-669716050-content\">\n\t\t\t<button class=\"toggle\" aria-label=\"Basculer\"><i class=\"icon-angle-down\" aria-hidden=\"true\"><\/i><\/button>\n\t\t\t<span>Mat\u00e9riel<\/span>\n\t\t<\/a>\n\t\t<div id=\"accordion-669716050-content\" class=\"accordion-inner\" aria-labelledby=\"accordion-669716050-label\">\n\t\t\t\n<p>Tous les pare-soleils avec un contour en m\u00e9tal de haute r\u00e9sistance et les pi\u00e8ces en acier inoxydable sont pourvus d&rsquo;une finition en poudre. Ceci pour les prot\u00e9ger pendant de longues ann\u00e9es contre diverses conditions m\u00e9t\u00e9orologiques. Aussi l&rsquo;acrylate a une bonne tenue de couleur et est r\u00e9sistant aux UV.<\/p>\n\t\t<\/div>\n\t<\/div>\n\t\n\t<div id=\"accordion-3862720258\" class=\"accordion-item\">\n\t\t<a id=\"accordion-3862720258-label\" class=\"accordion-title plain\" href=\"#accordion-item-garantie\" aria-expanded=\"false\" aria-controls=\"accordion-3862720258-content\">\n\t\t\t<button class=\"toggle\" aria-label=\"Basculer\"><i class=\"icon-angle-down\" aria-hidden=\"true\"><\/i><\/button>\n\t\t\t<span>Garantie<\/span>\n\t\t<\/a>\n\t\t<div id=\"accordion-3862720258-content\" class=\"accordion-inner\" aria-labelledby=\"accordion-3862720258-label\">\n\t\t\t\n<p>Tous nos pare-soleils sont contr\u00f4l\u00e9s avant leur emballage et envoi. En cas de probl\u00e9me, informez-nous <strong>TOUJOURS DANS LES 48 HEURES<\/strong>, sinon la garantiesera annul\u00e9e. Nous ferons de notre mieux de r\u00e9soudre votre souci des meilleures mani\u00e8res.<\/p>\n\t\t<\/div>\n\t<\/div>\n\t\n\t<div id=\"accordion-1672965160\" class=\"accordion-item\">\n\t\t<a id=\"accordion-1672965160-label\" class=\"accordion-title plain\" href=\"#accordion-item-dommages\" aria-expanded=\"false\" aria-controls=\"accordion-1672965160-content\">\n\t\t\t<button class=\"toggle\" aria-label=\"Basculer\"><i class=\"icon-angle-down\" aria-hidden=\"true\"><\/i><\/button>\n\t\t\t<span>Dommages<\/span>\n\t\t<\/a>\n\t\t<div id=\"accordion-1672965160-content\" class=\"accordion-inner\" aria-labelledby=\"accordion-1672965160-label\">\n\t\t\t\n<p>Si votre colis a \u00e9t\u00e9 abim\u00e9 lors du transport, contactez-nous svp <strong>DANS LES 48 HEURES<\/strong>, aussit\u00f4t et faites nous parvenir des photos pour que nous puissions estimer au mieux votre pr\u00e9judice. Ecrivez-nous \u00e0 cette adresse :<\/p>\n<p>info@vosca.eu<\/p>\n\t\t<\/div>\n\t<\/div>\n\t\n\t<div id=\"accordion-917367037\" class=\"accordion-item\">\n\t\t<a id=\"accordion-917367037-label\" class=\"accordion-title plain\" href=\"#accordion-item-plus-d&#039;informations-ou-des-questions?\" aria-expanded=\"false\" aria-controls=\"accordion-917367037-content\">\n\t\t\t<button class=\"toggle\" aria-label=\"Basculer\"><i class=\"icon-angle-down\" aria-hidden=\"true\"><\/i><\/button>\n\t\t\t<span>Plus d'informations ou des questions?<\/span>\n\t\t<\/a>\n\t\t<div id=\"accordion-917367037-content\" class=\"accordion-inner\" aria-labelledby=\"accordion-917367037-label\">\n\t\t\t\n<p>Envoyez-nous un mail:<\/p>\n<p>info@vosca.eu.<\/p>\n\t\t<\/div>\n\t<\/div>\n\t\n\t\t<\/div>\n\t\t\t\t\t<\/div>\n\n\t\n<\/div>\n","protected":false},"excerpt":{"rendered":"","protected":false},"author":2478,"featured_media":0,"parent":0,"menu_order":0,"comment_status":"closed","ping_status":"closed","template":"page-blank.php","meta":{"_acf_changed":false,"_monsterinsights_skip_tracking":false,"_monsterinsights_sitenote_active":false,"_monsterinsights_sitenote_note":"","_monsterinsights_sitenote_category":0,"footnotes":""},"class_list":["post-16348","page","type-page","status-publish","hentry"],"acf":[],"_links":{"self":[{"href":"https:\/\/www.vosca.eu\/fr\/wp-json\/wp\/v2\/pages\/16348","targetHints":{"allow":["GET"]}}],"collection":[{"href":"https:\/\/www.vosca.eu\/fr\/wp-json\/wp\/v2\/pages"}],"about":[{"href":"https:\/\/www.vosca.eu\/fr\/wp-json\/wp\/v2\/types\/page"}],"author":[{"embeddable":true,"href":"https:\/\/www.vosca.eu\/fr\/wp-json\/wp\/v2\/users\/2478"}],"replies":[{"embeddable":true,"href":"https:\/\/www.vosca.eu\/fr\/wp-json\/wp\/v2\/comments?post=16348"}],"version-history":[{"count":4,"href":"https:\/\/www.vosca.eu\/fr\/wp-json\/wp\/v2\/pages\/16348\/revisions"}],"predecessor-version":[{"id":19618,"href":"https:\/\/www.vosca.eu\/fr\/wp-json\/wp\/v2\/pages\/16348\/revisions\/19618"}],"wp:attachment":[{"href":"https:\/\/www.vosca.eu\/fr\/wp-json\/wp\/v2\/media?parent=16348"}],"curies":[{"name":"wp","href":"https:\/\/api.w.org\/{rel}","templated":true}]}}