{"id":16635,"date":"2018-12-08T08:02:58","date_gmt":"2018-12-08T07:02:58","guid":{"rendered":"https:\/\/www.vosca.eu\/product\/vosca-barre-frontale-toplight-livree-separement-avec-led\/"},"modified":"2025-08-29T14:36:15","modified_gmt":"2025-08-29T12:36:15","slug":"vosca-barre-frontale-toplight-livree-separement-avec-led","status":"publish","type":"product","link":"https:\/\/www.vosca.eu\/fr\/produit\/vosca-barre-frontale-toplight-livree-separement-avec-led\/","title":{"rendered":"Vosca toplight livr\u00e9e s\u00e9par\u00e9ment avec LED"},"content":{"rendered":"<p>Vosca\u00a0 toplight livr\u00e9e s\u00e9par\u00e9ment avec LED<\/p>\n<p>Connectable en orange ou en blanc<\/p>\n<p>Indiquez toujours le type de voiture avec votre commande<\/p>\n<p>Veuillez \u00e9galement mentionner comment vous souhaitez que la LED soit distribu\u00e9e 1-234-5 ou 1-2-3-4-5<\/p>\n","protected":false},"excerpt":{"rendered":"<p>L&rsquo;\u00e9clairage LED peut \u00eatre connect\u00e9 en orange et en blanc.<\/p>\n","protected":false},"featured_media":20660,"template":"","meta":{"_acf_changed":false,"_monsterinsights_skip_tracking":false,"_monsterinsights_sitenote_active":false,"_monsterinsights_sitenote_note":"","_monsterinsights_sitenote_category":0},"product_brand":[],"product_cat":[5057],"product_tag":[],"class_list":{"0":"post-16635","1":"product","2":"type-product","3":"status-publish","4":"has-post-thumbnail","6":"product_cat-eclairage-led","7":"product_shipping_class-ver-15-01-enz-fr","8":"tm-no-options","10":"first","11":"instock","12":"taxable","13":"shipping-taxable","14":"purchasable","15":"product-type-simple"},"acf":[],"_links":{"self":[{"href":"https:\/\/www.vosca.eu\/fr\/wp-json\/wp\/v2\/product\/16635","targetHints":{"allow":["GET"]}}],"collection":[{"href":"https:\/\/www.vosca.eu\/fr\/wp-json\/wp\/v2\/product"}],"about":[{"href":"https:\/\/www.vosca.eu\/fr\/wp-json\/wp\/v2\/types\/product"}],"wp:featuredmedia":[{"embeddable":true,"href":"https:\/\/www.vosca.eu\/fr\/wp-json\/wp\/v2\/media\/20660"}],"wp:attachment":[{"href":"https:\/\/www.vosca.eu\/fr\/wp-json\/wp\/v2\/media?parent=16635"}],"wp:term":[{"taxonomy":"product_brand","embeddable":true,"href":"https:\/\/www.vosca.eu\/fr\/wp-json\/wp\/v2\/product_brand?post=16635"},{"taxonomy":"product_cat","embeddable":true,"href":"https:\/\/www.vosca.eu\/fr\/wp-json\/wp\/v2\/product_cat?post=16635"},{"taxonomy":"product_tag","embeddable":true,"href":"https:\/\/www.vosca.eu\/fr\/wp-json\/wp\/v2\/product_tag?post=16635"}],"curies":[{"name":"wp","href":"https:\/\/api.w.org\/{rel}","templated":true}]}}