{"id":16800,"date":"2017-03-05T22:02:15","date_gmt":"2017-03-05T21:02:15","guid":{"rendered":"https:\/\/www.vosca.eu\/product\/vosca-eclairage-led-separe-orange\/"},"modified":"2024-11-28T14:04:15","modified_gmt":"2024-11-28T13:04:15","slug":"vosca-eclairage-led-separe-orange","status":"publish","type":"product","link":"https:\/\/www.vosca.eu\/fr\/produit\/vosca-eclairage-led-separe-orange\/","title":{"rendered":"Vosca \u00e9clairage LED s\u00e9par\u00e9"},"content":{"rendered":"<p>Vosca vous pouves le connecter vous m\u00eame dans la couler Orange, Blanc ou Rouge. (lumi\u00e8re LED 12 volts)<\/p>\n","protected":false},"excerpt":{"rendered":"<p>Vosca vous pouves le connecter vous m\u00eame dans la couler Orange, Blanc ou Rouge. (lumi\u00e8re LED 12 volts)<\/p>\n","protected":false},"featured_media":19869,"template":"","meta":{"_acf_changed":false,"_monsterinsights_skip_tracking":false,"_monsterinsights_sitenote_active":false,"_monsterinsights_sitenote_note":"","_monsterinsights_sitenote_category":0},"product_brand":[],"product_cat":[5057],"product_tag":[],"class_list":{"0":"post-16800","1":"product","2":"type-product","3":"status-publish","4":"has-post-thumbnail","6":"product_cat-eclairage-led","7":"product_shipping_class-ver-led-fr","8":"tm-no-options","10":"first","11":"instock","12":"taxable","13":"shipping-taxable","14":"purchasable","15":"product-type-simple"},"acf":[],"_links":{"self":[{"href":"https:\/\/www.vosca.eu\/fr\/wp-json\/wp\/v2\/product\/16800","targetHints":{"allow":["GET"]}}],"collection":[{"href":"https:\/\/www.vosca.eu\/fr\/wp-json\/wp\/v2\/product"}],"about":[{"href":"https:\/\/www.vosca.eu\/fr\/wp-json\/wp\/v2\/types\/product"}],"wp:featuredmedia":[{"embeddable":true,"href":"https:\/\/www.vosca.eu\/fr\/wp-json\/wp\/v2\/media\/19869"}],"wp:attachment":[{"href":"https:\/\/www.vosca.eu\/fr\/wp-json\/wp\/v2\/media?parent=16800"}],"wp:term":[{"taxonomy":"product_brand","embeddable":true,"href":"https:\/\/www.vosca.eu\/fr\/wp-json\/wp\/v2\/product_brand?post=16800"},{"taxonomy":"product_cat","embeddable":true,"href":"https:\/\/www.vosca.eu\/fr\/wp-json\/wp\/v2\/product_cat?post=16800"},{"taxonomy":"product_tag","embeddable":true,"href":"https:\/\/www.vosca.eu\/fr\/wp-json\/wp\/v2\/product_tag?post=16800"}],"curies":[{"name":"wp","href":"https:\/\/api.w.org\/{rel}","templated":true}]}}